{"id":7693,"date":"2024-02-01T15:24:09","date_gmt":"2024-02-01T15:24:09","guid":{"rendered":"https:\/\/labs.100x100.net\/projects\/velaclassica\/?page_id=7693"},"modified":"2024-02-01T15:24:20","modified_gmt":"2024-02-01T15:24:20","slug":"gracias","status":"publish","type":"page","link":"https:\/\/www.puigvelaclasica.com\/es\/inscripcion\/gracias\/","title":{"rendered":"Gracias"},"content":{"rendered":"<p style=\"text-align: center;\">Estamos muy agradecidos por su petici\u00f3n de inscripci\u00f3n en esta edici\u00f3n de la regata <strong>Puig Vela Cl\u00e0ssica<\/strong>.<\/p>\n<p style=\"text-align: center;\">Durante los pr\u00f3ximos d\u00edas nos pondremos en contacto para validar y confirmar su inscripci\u00f3n.<\/p>\n<p style=\"text-align: center;\">Un saludo muy cordial.<br \/>\n<strong>Puig Vela Cl\u00e0ssica<\/strong><\/p>\n","protected":false},"excerpt":{"rendered":"<p>Estamos muy agradecidos por su petici\u00f3n de inscripci\u00f3n en esta edici\u00f3n de la regata Puig Vela Cl\u00e0ssica. Durante los pr\u00f3ximos d\u00edas nos pondremos en contacto para validar y confirmar su inscripci\u00f3n. Un saludo muy cordial. Puig Vela Cl\u00e0ssica<\/p>\n","protected":false},"author":1,"featured_media":0,"parent":102,"menu_order":0,"comment_status":"closed","ping_status":"closed","template":"page-thankyou.php","meta":{"_acf_changed":false,"footnotes":""},"class_list":["post-7693","page","type-page","status-publish","hentry"],"acf":[],"yoast_head":"<!-- This site is optimized with the Yoast SEO plugin v25.6 - https:\/\/yoast.com\/wordpress\/plugins\/seo\/ -->\n<title>Gracias - Puig Vela Cl\u00e0ssica Barcelona<\/title>\n<meta name=\"robots\" content=\"index, follow, max-snippet:-1, max-image-preview:large, max-video-preview:-1\" \/>\n<link rel=\"canonical\" href=\"https:\/\/www.puigvelaclasica.com\/es\/inscripcion\/gracias\/\" \/>\n<meta property=\"og:locale\" content=\"es_ES\" \/>\n<meta property=\"og:type\" content=\"article\" \/>\n<meta property=\"og:title\" content=\"Gracias - Puig Vela Cl\u00e0ssica Barcelona\" \/>\n<meta property=\"og:description\" content=\"Estamos muy agradecidos por su petici\u00f3n de inscripci\u00f3n en esta edici\u00f3n de la regata Puig Vela Cl\u00e0ssica. Durante los pr\u00f3ximos d\u00edas nos pondremos en contacto para validar y confirmar su inscripci\u00f3n. Un saludo muy cordial. Puig Vela Cl\u00e0ssica\" \/>\n<meta property=\"og:url\" content=\"https:\/\/www.puigvelaclasica.com\/es\/inscripcion\/gracias\/\" \/>\n<meta property=\"og:site_name\" content=\"Puig Vela Cl\u00e0ssica Barcelona\" \/>\n<meta property=\"article:modified_time\" content=\"2024-02-01T15:24:20+00:00\" \/>\n<meta name=\"twitter:card\" content=\"summary_large_image\" \/>\n<script type=\"application\/ld+json\" class=\"yoast-schema-graph\">{\"@context\":\"https:\/\/schema.org\",\"@graph\":[{\"@type\":\"WebPage\",\"@id\":\"https:\/\/www.puigvelaclasica.com\/es\/inscripcion\/gracias\/\",\"url\":\"https:\/\/www.puigvelaclasica.com\/es\/inscripcion\/gracias\/\",\"name\":\"Gracias - Puig Vela Cl\u00e0ssica Barcelona\",\"isPartOf\":{\"@id\":\"https:\/\/puigvelaclassica.com\/es\/#website\"},\"datePublished\":\"2024-02-01T15:24:09+00:00\",\"dateModified\":\"2024-02-01T15:24:20+00:00\",\"breadcrumb\":{\"@id\":\"https:\/\/www.puigvelaclasica.com\/es\/inscripcion\/gracias\/#breadcrumb\"},\"inLanguage\":\"es\",\"potentialAction\":[{\"@type\":\"ReadAction\",\"target\":[\"https:\/\/www.puigvelaclasica.com\/es\/inscripcion\/gracias\/\"]}]},{\"@type\":\"BreadcrumbList\",\"@id\":\"https:\/\/www.puigvelaclasica.com\/es\/inscripcion\/gracias\/#breadcrumb\",\"itemListElement\":[{\"@type\":\"ListItem\",\"position\":1,\"name\":\"Home\",\"item\":\"https:\/\/puigvelaclassica.com\/es\/\"},{\"@type\":\"ListItem\",\"position\":2,\"name\":\"Inscripci\u00f3n\",\"item\":\"https:\/\/www.puigvelaclassica.com\/es\/inscripcion\/\"},{\"@type\":\"ListItem\",\"position\":3,\"name\":\"Gracias\"}]},{\"@type\":\"WebSite\",\"@id\":\"https:\/\/puigvelaclassica.com\/es\/#website\",\"url\":\"https:\/\/puigvelaclassica.com\/es\/\",\"name\":\"Puig Vela Cl\u00e0ssica Barcelona\",\"description\":\"\",\"potentialAction\":[{\"@type\":\"SearchAction\",\"target\":{\"@type\":\"EntryPoint\",\"urlTemplate\":\"https:\/\/puigvelaclassica.com\/es\/?s={search_term_string}\"},\"query-input\":{\"@type\":\"PropertyValueSpecification\",\"valueRequired\":true,\"valueName\":\"search_term_string\"}}],\"inLanguage\":\"es\"}]}<\/script>\n<!-- \/ Yoast SEO plugin. -->","yoast_head_json":{"title":"Gracias - Puig Vela Cl\u00e0ssica Barcelona","robots":{"index":"index","follow":"follow","max-snippet":"max-snippet:-1","max-image-preview":"max-image-preview:large","max-video-preview":"max-video-preview:-1"},"canonical":"https:\/\/www.puigvelaclasica.com\/es\/inscripcion\/gracias\/","og_locale":"es_ES","og_type":"article","og_title":"Gracias - Puig Vela Cl\u00e0ssica Barcelona","og_description":"Estamos muy agradecidos por su petici\u00f3n de inscripci\u00f3n en esta edici\u00f3n de la regata Puig Vela Cl\u00e0ssica. Durante los pr\u00f3ximos d\u00edas nos pondremos en contacto para validar y confirmar su inscripci\u00f3n. Un saludo muy cordial. Puig Vela Cl\u00e0ssica","og_url":"https:\/\/www.puigvelaclasica.com\/es\/inscripcion\/gracias\/","og_site_name":"Puig Vela Cl\u00e0ssica Barcelona","article_modified_time":"2024-02-01T15:24:20+00:00","twitter_card":"summary_large_image","schema":{"@context":"https:\/\/schema.org","@graph":[{"@type":"WebPage","@id":"https:\/\/www.puigvelaclasica.com\/es\/inscripcion\/gracias\/","url":"https:\/\/www.puigvelaclasica.com\/es\/inscripcion\/gracias\/","name":"Gracias - Puig Vela Cl\u00e0ssica Barcelona","isPartOf":{"@id":"https:\/\/puigvelaclassica.com\/es\/#website"},"datePublished":"2024-02-01T15:24:09+00:00","dateModified":"2024-02-01T15:24:20+00:00","breadcrumb":{"@id":"https:\/\/www.puigvelaclasica.com\/es\/inscripcion\/gracias\/#breadcrumb"},"inLanguage":"es","potentialAction":[{"@type":"ReadAction","target":["https:\/\/www.puigvelaclasica.com\/es\/inscripcion\/gracias\/"]}]},{"@type":"BreadcrumbList","@id":"https:\/\/www.puigvelaclasica.com\/es\/inscripcion\/gracias\/#breadcrumb","itemListElement":[{"@type":"ListItem","position":1,"name":"Home","item":"https:\/\/puigvelaclassica.com\/es\/"},{"@type":"ListItem","position":2,"name":"Inscripci\u00f3n","item":"https:\/\/www.puigvelaclassica.com\/es\/inscripcion\/"},{"@type":"ListItem","position":3,"name":"Gracias"}]},{"@type":"WebSite","@id":"https:\/\/puigvelaclassica.com\/es\/#website","url":"https:\/\/puigvelaclassica.com\/es\/","name":"Puig Vela Cl\u00e0ssica Barcelona","description":"","potentialAction":[{"@type":"SearchAction","target":{"@type":"EntryPoint","urlTemplate":"https:\/\/puigvelaclassica.com\/es\/?s={search_term_string}"},"query-input":{"@type":"PropertyValueSpecification","valueRequired":true,"valueName":"search_term_string"}}],"inLanguage":"es"}]}},"_links":{"self":[{"href":"https:\/\/www.puigvelaclasica.com\/es\/wp-json\/wp\/v2\/pages\/7693","targetHints":{"allow":["GET"]}}],"collection":[{"href":"https:\/\/www.puigvelaclasica.com\/es\/wp-json\/wp\/v2\/pages"}],"about":[{"href":"https:\/\/www.puigvelaclasica.com\/es\/wp-json\/wp\/v2\/types\/page"}],"author":[{"embeddable":true,"href":"https:\/\/www.puigvelaclasica.com\/es\/wp-json\/wp\/v2\/users\/1"}],"replies":[{"embeddable":true,"href":"https:\/\/www.puigvelaclasica.com\/es\/wp-json\/wp\/v2\/comments?post=7693"}],"version-history":[{"count":2,"href":"https:\/\/www.puigvelaclasica.com\/es\/wp-json\/wp\/v2\/pages\/7693\/revisions"}],"predecessor-version":[{"id":7695,"href":"https:\/\/www.puigvelaclasica.com\/es\/wp-json\/wp\/v2\/pages\/7693\/revisions\/7695"}],"up":[{"embeddable":true,"href":"https:\/\/www.puigvelaclasica.com\/es\/wp-json\/wp\/v2\/pages\/102"}],"wp:attachment":[{"href":"https:\/\/www.puigvelaclasica.com\/es\/wp-json\/wp\/v2\/media?parent=7693"}],"curies":[{"name":"wp","href":"https:\/\/api.w.org\/{rel}","templated":true}]}}